{"id":77,"date":"2024-12-07T10:35:34","date_gmt":"2024-12-07T10:35:34","guid":{"rendered":"https:\/\/www.susannakoistinen.fi\/?page_id=77"},"modified":"2025-03-06T20:34:34","modified_gmt":"2025-03-06T20:34:34","slug":"poliittiset-teemani","status":"publish","type":"page","link":"https:\/\/www.susannakoistinen.fi\/?page_id=77","title":{"rendered":"Poliittiset teemani"},"content":{"rendered":"\n<div class=\"wp-block-columns is-layout-flex wp-container-core-columns-is-layout-28f84493 wp-block-columns-is-layout-flex\">\n<div class=\"wp-block-column is-layout-flow wp-block-column-is-layout-flow\" style=\"flex-basis:100%\"><\/div>\n<\/div>\n\n\n\n<figure class=\"wp-block-image alignleft size-large is-resized\"><img loading=\"lazy\" decoding=\"async\" width=\"683\" height=\"1024\" src=\"https:\/\/www.susannakoistinen.fi\/wp-content\/uploads\/2024\/12\/koistinen-miraveeraauer-8176-1-683x1024.jpg\" alt=\"\" class=\"wp-image-103\" style=\"width:294px;height:auto\" srcset=\"https:\/\/www.susannakoistinen.fi\/wp-content\/uploads\/2024\/12\/koistinen-miraveeraauer-8176-1-683x1024.jpg 683w, https:\/\/www.susannakoistinen.fi\/wp-content\/uploads\/2024\/12\/koistinen-miraveeraauer-8176-1-200x300.jpg 200w, https:\/\/www.susannakoistinen.fi\/wp-content\/uploads\/2024\/12\/koistinen-miraveeraauer-8176-1-768x1151.jpg 768w, https:\/\/www.susannakoistinen.fi\/wp-content\/uploads\/2024\/12\/koistinen-miraveeraauer-8176-1-1025x1536.jpg 1025w, https:\/\/www.susannakoistinen.fi\/wp-content\/uploads\/2024\/12\/koistinen-miraveeraauer-8176-1.jpg 1366w\" sizes=\"auto, (max-width: 683px) 100vw, 683px\" \/><\/figure>\n\n\n\n<p>Olen ehdolla kuntavaaleissa Helsingiss\u00e4 kahdesta syyst\u00e4. Ensinn\u00e4kin haluan, ett\u00e4 Helsinki kehittyy kest\u00e4v\u00e4sti. Helsinki on ihmisten koti, joten perusasioiden pit\u00e4\u00e4 olla kunnossa. Helsingin palveluiden pit\u00e4\u00e4 toimia tasapainona kalliille asumiselle ja ihmisten kokoisen arjen pit\u00e4\u00e4 olla suunnittelun l\u00e4ht\u00f6kohta. Minun Helsinkini on avoin, yst\u00e4v\u00e4llinen ja nojaa p\u00e4\u00e4t\u00f6ksenteossa tietoon metropolialueiden kehitt\u00e4misest\u00e4. Suomen p\u00e4\u00e4kaupunki ei ole ja kehity vain itse\u00e4\u00e4n varten, vaan toimii koko maan veturina.<\/p>\n\n\n\n<p>Toisekseen olen rehellisen kiinnostunut Helsingin kehitt\u00e4misest\u00e4, ja uskon, ett\u00e4 osaan sit\u00e4 tehd\u00e4. Olen kerrytt\u00e4nyt tietoa ja osaamista yhteiskunnallisista asioista pitk\u00e4\u00e4n. Minulla on rakentava, analyyttinen ja yhteisty\u00f6keskeinen l\u00e4hestyminen poliittiseen p\u00e4\u00e4t\u00f6ksentekoon. Olen saanut hyv\u00e4\u00e4 palautetta vuosien varrella kyvyst\u00e4ni k\u00e4sitell\u00e4 isoja tietom\u00e4\u00e4ri\u00e4, neuvotella ja l\u00f6yt\u00e4\u00e4 ratkaisuja. Minulle t\u00e4rke\u00e4\u00e4 on, ett\u00e4 asioita edistet\u00e4\u00e4n avoimesti, kunnioittavasti ja ratkaisukeskeisesti. Pystyn antamaan<\/p>\n\n\n\n<ul class=\"wp-block-list\">\n<li>it\u00e4helsinkil\u00e4isen<\/li>\n\n\n\n<li>it-ammattilaisen ja projektip\u00e4\u00e4llik\u00f6n<\/li>\n\n\n\n<li>perheellisen<\/li>\n\n\n\n<li>entisen koulutuspoliittisen asiantuntijan<\/li>\n\n\n\n<li>luottamusmiehen\u00e4 toimineen<\/li>\n<\/ul>\n\n\n<p>ja feministisen n\u00e4k\u00f6kulman Helsingin p\u00e4\u00e4t\u00f6ksentekoon.<\/p>\n\n\n<h2 class=\"wp-block-heading\">Kuntavaalit 2025<\/h2>\n\n\n\n<p><strong>Jokaiselle lapselle hyv\u00e4 koulu<\/strong><\/p>\n\n\n\n<p>Jokaisen l\u00e4hikoulun pit\u00e4\u00e4 olla paras koulu lapselle. Kouluihin kohdistuu hirve\u00e4 m\u00e4\u00e4r\u00e4 odotuksia ja uudistuksia toisensa per\u00e4\u00e4n. Nyt on aika keskitty\u00e4 perusasioihin, oppimiseen ja opetukseen. Helsingill\u00e4 on ylij\u00e4\u00e4m\u00e4isen\u00e4 kuntana mahdollisuus investoida lastemme tulevaisuuteen.<\/p>\n\n\n\n<ul class=\"wp-block-list\">\n<li>Kaikki lapset ansaitsevat maltilliset luokkakoot ja ty\u00f6yhteis\u00f6ss\u00e4\u00e4n viihtyv\u00e4t opettajat. Painotettu opetus tai kielivalinnat eiv\u00e4t saa olla kiertotie parempana pidettyihin kouluihin, jokaisen koulun Helsingiss\u00e4 pit\u00e4\u00e4 olla paras koulu.<\/li>\n\n\n\n<li>Kouluilla pit\u00e4\u00e4 olla paikallista p\u00e4\u00e4t\u00e4nt\u00e4valtaa toimia oppilaidensa parhaaksi. Sama malli ei sovi jokaiseen kouluun, vaikka samat tavoitteet pit\u00e4\u00e4kin saavuttaa. Rehtoreille maltillinen m\u00e4\u00e4r\u00e4 alaisia, vahvistetaan pedagogista johtamista.<\/li>\n\n\n\n<li>Koulurakennusten kehitt\u00e4misen tulee jatkua k\u00e4ytt\u00f6\u00f6noton j\u00e4lkeenkin, jotta rakennus tukee eik\u00e4 ohjaile opetusta.&nbsp;&nbsp;<\/li>\n<\/ul>\n\n\n\n<p><strong>Palveluihin laatua, ei pelkk\u00e4\u00e4 et\u00e4isyytt\u00e4<\/strong><\/p>\n\n\n\n<p>Helsinki on keskitt\u00e4nyt perheneuvoloita ja muita sotepalveluita isoihin keskuksiin ja luvannut, ett\u00e4 nyt apu ja osaaminen l\u00f6ytyv\u00e4t yhden katon alta. Kuitenkin ihmisten juoksuttaminen edelleen jatkuu, nyt vaan kauemmas kuin ennen. Esimerkiksi synnytyksen j\u00e4lkitarkastukseen kyll\u00e4 p\u00e4\u00e4see, mutta ei l\u00e4himp\u00e4\u00e4n neuvolaan vaan id\u00e4st\u00e4 pit\u00e4\u00e4 l\u00e4hte\u00e4 Ruoholahteen.<\/p>\n\n\n\n<ul class=\"wp-block-list\">\n<li>Lupaus on ett\u00e4 isot keskukset johtaisivat parempaan palveluun, ty\u00f6ntekij\u00f6iden pysyvyyteen ja eri luukuilla asioinnin v\u00e4henemiseen. Tavoitteiden toteutumista pit\u00e4\u00e4 seurata asiakkaiden n\u00e4k\u00f6kulmasta.&nbsp;<\/li>\n\n\n\n<li>Peruspalveluita pit\u00e4\u00e4 uskaltaa tuoda takaisin l\u00e4hemm\u00e4s eri asuinalueita, jos tavoitteet eiv\u00e4t todellisuudessa toteudu.&nbsp;<\/li>\n\n\n\n<li>Paikallistuntemusta tarvitaan takaisin sotepalveluihin esimerkiksi vahvistamalla yhteytt\u00e4 paikallisiin yhdistyksiin. Neuvolan ja muiden sotepalveluiden tulee osata neuvoa v\u00e4hint\u00e4\u00e4n kaupungin muihin palveluihin, mielell\u00e4\u00e4n laajemminkin alueella toimiviin palveluihin<\/li>\n<\/ul>\n\n\n\n<p><strong>Digitalisaatiolta pit\u00e4\u00e4 vaatia tuloksia<\/strong><\/p>\n\n\n\n<p>Helsinki ei saa olla en\u00e4\u00e4 kertaakaan otsikoissa tietomurtojen tai miljoonia maksaneiden, kesken j\u00e4\u00e4vien tietoj\u00e4rjestelm\u00e4hankkeiden vuoksi. Digitaalisuuden kehitt\u00e4misess\u00e4 pit\u00e4\u00e4 seuraavalla kaudella keskitty\u00e4 perusasioihin, kuten jo k\u00e4yt\u00f6ss\u00e4 olevien j\u00e4rjestelmien k\u00e4ytett\u00e4vyyteen ja digitaalisen infrastruktuurin kuntoon laittamiseen.<\/p>\n\n\n\n<ul class=\"wp-block-list\">\n<li>Digistrategian pit\u00e4\u00e4 tukea kaupungin strategia ja sill\u00e4 pit\u00e4\u00e4 olla mitattavat tavoitteet.<\/li>\n\n\n\n<li>Digitalisaatio on aina muutosta tekemiseen ja vaatii johtamista, suunnittelua ja perehtymist\u00e4. Muutosten vaatima sis\u00e4isen ty\u00f6n m\u00e4\u00e4r\u00e4 pit\u00e4\u00e4 saada n\u00e4kyv\u00e4ksi ja mukaan suunnitelmiin.<\/li>\n\n\n\n<li>Viranomaisten viestint\u00e4 siirtyy ensisijaisesti digitaaliseksi. Jos palveluita on melkeinp\u00e4 pakko k\u00e4ytt\u00e4\u00e4 digitaalisesti, niiden t\u00e4ytyy olla saavutettavia, helposti k\u00e4ytett\u00e4vi\u00e4 ja s\u00e4\u00e4st\u00e4\u00e4 aidosti aikaa ja vaivaa niin kaupunkilaisilta kuin ty\u00f6ntekij\u00f6ilt\u00e4<\/li>\n\n\n\n<li>Ei en\u00e4\u00e4 yht\u00e4\u00e4n massiivista sovelluskehitysprojektia. Sen sijaan katse siihen, miten pienemmill\u00e4 uudistuksilla saadaan ty\u00f6aikas\u00e4\u00e4st\u00f6j\u00e4 automatisoimalla ja suoraviivaistamalla prosesseja.<\/li>\n\n\n\n<li>Koko henkil\u00f6st\u00f6n digitaalisen osaamisen nosto on ainut tie tietoturvalliseen, saavutettavaan ja digitalisaatiolla oikeasti hy\u00f6tyj\u00e4 tuovaan tulevaisuuteen.<\/li>\n<\/ul>\n\n\n\n<p><strong>It\u00e4keskus ja It\u00e4-Helsinki perheyst\u00e4v\u00e4llisemm\u00e4ksi<\/strong><\/p>\n\n\n\n<p>Joka nelj\u00e4s helsinkil\u00e4inen asuu id\u00e4ss\u00e4. Kaatuneet tai jumiutuneet rakennushankkeet ovat johtaneet siihen, ett\u00e4 esimerkiksi It\u00e4keskuksen alue on liian kauan odottanut p\u00e4ivityst\u00e4. Toisaalta id\u00e4ss\u00e4 on vire\u00e4\u00e4 ja omaehtoista yritys- ja kulttuuritoimintaa. Helsingin pit\u00e4\u00e4 ottaa tosissaan asukkaiden huolet r\u00e4nsistyneest\u00e4 ymp\u00e4rist\u00f6st\u00e4 ja k\u00e4ytett\u00e4v\u00e4 rohkeasti erilaisia keinoja hankkeiden edist\u00e4miseksi yhdess\u00e4 paikallisten toimijoiden kanssa. <\/p>\n\n\n\n<ul class=\"wp-block-list\">\n<li>It\u00e4keskuksen ymp\u00e4rist\u00f6\u00f6n oma perhetalo, joka on auki my\u00f6s iltap\u00e4ivisin. Yhteis\u00f6mme kaipaa pitk\u00e4j\u00e4nteist\u00e4, eri kieliryhmille suunnattua toimintaa, joka tuo ihmisi\u00e4 yhteen. Monikielist\u00e4 leikki\u00e4 lis\u00e4\u00e4 kaupungin ohjelmaan.<\/li>\n\n\n\n<li>It\u00e4-Helsingin liikenneratkaisuissa pit\u00e4\u00e4 painottaa k\u00e4velyn ja py\u00f6r\u00e4ilyn esteett\u00f6myytt\u00e4, turvallisuutta ja viihtyisyytt\u00e4. Lapset eiv\u00e4t liiku autolla, eik\u00e4 l\u00e4hiluonto houkuttele, jos sinne p\u00e4\u00e4st\u00e4kseen pit\u00e4\u00e4 kest\u00e4\u00e4 sohjoisia risteyksi\u00e4 siet\u00e4m\u00e4tt\u00f6m\u00e4ss\u00e4 liikenteen melussa.<\/li>\n\n\n\n<li>Monipuolinen asuinrakentaminen on tervetullutta hyvien yhteyksien \u00e4\u00e4relle valmiiksi rakennettuun ymp\u00e4rist\u00f6\u00f6n. Ihmisten mukana tulee my\u00f6s palveluita ja el\u00e4m\u00e4\u00e4.<\/li>\n<\/ul>\n\n\n\n<p><strong>J\u00e4rkev\u00e4\u00e4 metropolipolitiikkaa<\/strong><\/p>\n\n\n\n<p>Helsinki on osa Suomen ainutta metropolialuetta ja sen v\u00e4kiluku kasvaa. Meill\u00e4 ei ole varaa ep\u00e4-\u00e4lylliseen haihatteluun rajojen kiinni laittamisesta ja suunnan k\u00e4\u00e4nt\u00e4misest\u00e4 menneisyyteen p\u00e4in. Jos Helsinki ei kasva, se on merkki koko maan talouden ja muun kehityksen pys\u00e4htymisest\u00e4. P\u00e4\u00e4tt\u00e4jien teht\u00e4v\u00e4 on tasapainoilla kest\u00e4v\u00e4n kasvun ja pikavoittojen v\u00e4lill\u00e4. Metropolialueen erityispiirteet pit\u00e4\u00e4 tunnistaa Helsingin sis\u00e4ll\u00e4 mutta my\u00f6s valtakunnallisesti.  <\/p>\n\n\n\n<ul class=\"wp-block-list\">\n<li>Helsinki tarvitsee k\u00e4ytt\u00f6huonekokeilun tukemaan p\u00e4ihdepalveluiden kehitt\u00e4mist\u00e4. Kaupungin huumetilanne on h\u00e4lytt\u00e4v\u00e4 ja tarvitsemme kaikki tutkitusti toimivat keinot ennaltaehk\u00e4isyst\u00e4, hoitopoluista ja kaupunkisuunnittelusta k\u00e4ytt\u00f6\u00f6n. <\/li>\n\n\n\n<li>Helsinki ja koko Uusimaa tarvitsee p\u00e4ivitetyn, yhteisen n\u00e4kemyksen alueen koulutustarpeista. Kohtuuttoman monen nuoren ei pit\u00e4isi tarvita l\u00e4hte\u00e4 korkeakoulupaikan per\u00e4ss\u00e4 muualle, eik\u00e4 talous saa sakata aikuisten koulutuksen puutteiden vuoksi.<\/li>\n\n\n\n<li>Kuntarajat ylitt\u00e4v\u00e4\u00e4 suunnittelua ja sopimuksia asumisesta, liikenneratkaisuista ja erityisesti HUS:iin liittyen sotesta pit\u00e4\u00e4 lis\u00e4t\u00e4. Esimerkiksi luontoarvot tai edes ihmisten arkinen kulkeminen eiv\u00e4t tunnista kuntarajoja. <\/li>\n<\/ul>\n\n\n\n<div class=\"wp-block-buttons is-layout-flex wp-block-buttons-is-layout-flex\">\n<div class=\"wp-block-button\"><a class=\"wp-block-button__link has-white-color has-primary-background-color has-text-color has-background has-link-color wp-element-button\" href=\"https:\/\/www.susannakoistinen.fi\/?page_id=150\" style=\"padding-right:var(--wp--preset--spacing--40);padding-left:var(--wp--preset--spacing--40)\">Katso my\u00f6s vaalikonevastaukseni!<\/a><\/div>\n<\/div>\n\n\n\n<p><\/p>\n","protected":false},"excerpt":{"rendered":"<p>Olen ehdolla kuntavaaleissa Helsingiss\u00e4 kahdesta syyst\u00e4. Ensinn\u00e4kin haluan, ett\u00e4 Helsinki kehittyy kest\u00e4v\u00e4sti. Helsinki on ihmisten koti, joten perusasioiden pit\u00e4\u00e4 olla kunnossa. Helsingin palveluiden pit\u00e4\u00e4 toimia tasapainona kalliille asumiselle ja ihmisten kokoisen arjen pit\u00e4\u00e4 olla suunnittelun l\u00e4ht\u00f6kohta. Minun Helsinkini on avoin, yst\u00e4v\u00e4llinen ja nojaa p\u00e4\u00e4t\u00f6ksenteossa tietoon metropolialueiden kehitt\u00e4misest\u00e4. Suomen p\u00e4\u00e4kaupunki ei ole ja kehity vain itse\u00e4\u00e4n [&hellip;]<\/p>\n","protected":false},"author":1,"featured_media":0,"parent":0,"menu_order":0,"comment_status":"closed","ping_status":"closed","template":"","meta":{"footnotes":""},"class_list":["post-77","page","type-page","status-publish","hentry"],"_links":{"self":[{"href":"https:\/\/www.susannakoistinen.fi\/index.php?rest_route=\/wp\/v2\/pages\/77","targetHints":{"allow":["GET"]}}],"collection":[{"href":"https:\/\/www.susannakoistinen.fi\/index.php?rest_route=\/wp\/v2\/pages"}],"about":[{"href":"https:\/\/www.susannakoistinen.fi\/index.php?rest_route=\/wp\/v2\/types\/page"}],"author":[{"embeddable":true,"href":"https:\/\/www.susannakoistinen.fi\/index.php?rest_route=\/wp\/v2\/users\/1"}],"replies":[{"embeddable":true,"href":"https:\/\/www.susannakoistinen.fi\/index.php?rest_route=%2Fwp%2Fv2%2Fcomments&post=77"}],"version-history":[{"count":15,"href":"https:\/\/www.susannakoistinen.fi\/index.php?rest_route=\/wp\/v2\/pages\/77\/revisions"}],"predecessor-version":[{"id":159,"href":"https:\/\/www.susannakoistinen.fi\/index.php?rest_route=\/wp\/v2\/pages\/77\/revisions\/159"}],"wp:attachment":[{"href":"https:\/\/www.susannakoistinen.fi\/index.php?rest_route=%2Fwp%2Fv2%2Fmedia&parent=77"}],"curies":[{"name":"wp","href":"https:\/\/api.w.org\/{rel}","templated":true}]}}