{"id":150,"date":"2025-03-06T20:32:27","date_gmt":"2025-03-06T20:32:27","guid":{"rendered":"https:\/\/www.susannakoistinen.fi\/?page_id=150"},"modified":"2025-03-21T17:55:18","modified_gmt":"2025-03-21T17:55:18","slug":"vaalikoneet-ja-muut-lisatiedot","status":"publish","type":"page","link":"https:\/\/www.susannakoistinen.fi\/?page_id=150","title":{"rendered":"Vaalikoneet ja muut lis\u00e4tiedot"},"content":{"rendered":"\n<div class=\"wp-block-group wow animate__animated animate__slideInUp has-base-background-color has-background has-global-padding is-layout-constrained wp-block-group-is-layout-constrained\" style=\"margin-top:0;margin-bottom:0;padding-top:var(--wp--preset--spacing--50);padding-bottom:var(--wp--preset--spacing--50)\">\n<h2 class=\"wp-block-heading has-text-align-center has-dark-text-color-color has-text-color has-link-color wp-elements-db9b4aa8f6d8bc17c39392241e56bc16\" style=\"font-size:clamp(25.014px, 1.563rem + ((1vw - 3.2px) * 1.846), 42px);font-style:normal;font-weight:700\">Vaalikoneet<\/h2>\n\n\n\n<div class=\"wp-block-columns is-layout-flex wp-container-core-columns-is-layout-69cf8084 wp-block-columns-is-layout-flex\" style=\"margin-top:var(--wp--preset--spacing--40)\">\n<div class=\"wp-block-column is-layout-flow wp-block-column-is-layout-flow\">\n<div class=\"wp-block-group has-border-color has-white-background-color has-background has-global-padding is-layout-constrained wp-container-core-group-is-layout-c385debf wp-block-group-is-layout-constrained\" style=\"border-color:#51515147;border-width:1px;border-radius:8px;padding-top:var(--wp--preset--spacing--20);padding-right:var(--wp--preset--spacing--20);padding-bottom:var(--wp--preset--spacing--20);padding-left:var(--wp--preset--spacing--20)\">\n<figure class=\"wp-block-image size-full\"><img loading=\"lazy\" decoding=\"async\" width=\"540\" height=\"155\" src=\"https:\/\/www.susannakoistinen.fi\/wp-content\/uploads\/2025\/03\/Nayttokuva-2025-03-06-220242.png\" alt=\"\" class=\"wp-image-152\" style=\"object-fit:contain\" srcset=\"https:\/\/www.susannakoistinen.fi\/wp-content\/uploads\/2025\/03\/Nayttokuva-2025-03-06-220242.png 540w, https:\/\/www.susannakoistinen.fi\/wp-content\/uploads\/2025\/03\/Nayttokuva-2025-03-06-220242-300x86.png 300w\" sizes=\"auto, (max-width: 540px) 100vw, 540px\" \/><\/figure>\n\n\n\n<h3 class=\"wp-block-heading has-text-align-center\" style=\"font-size:clamp(14.082px, 0.88rem + ((1vw - 3.2px) * 0.752), 21px);\">Helsingin Uutiset<\/h3>\n\n\n\n<p class=\"has-text-align-center\">&#8221;Olen tyytyv\u00e4inen siihen rooliin, mik\u00e4 hyvinvointiyhteiskunnalla Suomessa on, eli se toimii turvaverkkona ja my\u00f6s tulonsiirtona ihmisten oman el\u00e4m\u00e4n eri vaiheissa. Jossain el\u00e4m\u00e4nvaiheessa jokainen on saamapuolella ja toivottavasti p\u00e4\u00e4see my\u00f6s sille tuojapuolelle.&#8221;<\/p>\n\n\n\n<div class=\"wp-block-buttons is-content-justification-center is-layout-flex wp-container-core-buttons-is-layout-a89b3969 wp-block-buttons-is-layout-flex\">\n<div class=\"wp-block-button\"><a class=\"wp-block-button__link has-background wp-element-button\" href=\"https:\/\/www.helsinginuutiset.fi\/vaalikone\/#\/101\/kotikunta\/091\/ehdokkaat\/6719\" style=\"border-radius:0px;border-bottom-width:1px;background-color:#ffffff00;padding-top:0;padding-right:0;padding-bottom:0;padding-left:0\">Vaalikoneprofiiliin<\/a><\/div>\n<\/div>\n<\/div>\n\n\n\n<div class=\"wp-block-group has-border-color has-white-background-color has-background has-global-padding is-layout-constrained wp-container-core-group-is-layout-c385debf wp-block-group-is-layout-constrained\" style=\"border-color:#51515147;border-width:1px;border-radius:8px;padding-top:var(--wp--preset--spacing--20);padding-right:var(--wp--preset--spacing--20);padding-bottom:var(--wp--preset--spacing--20);padding-left:var(--wp--preset--spacing--20)\">\n<figure class=\"wp-block-image size-full\"><img loading=\"lazy\" decoding=\"async\" width=\"1914\" height=\"387\" src=\"https:\/\/www.susannakoistinen.fi\/wp-content\/uploads\/2025\/03\/Nayttokuva-2025-03-06-223010.png\" alt=\"\" class=\"wp-image-156\" style=\"object-fit:contain\" srcset=\"https:\/\/www.susannakoistinen.fi\/wp-content\/uploads\/2025\/03\/Nayttokuva-2025-03-06-223010.png 1914w, https:\/\/www.susannakoistinen.fi\/wp-content\/uploads\/2025\/03\/Nayttokuva-2025-03-06-223010-300x61.png 300w, https:\/\/www.susannakoistinen.fi\/wp-content\/uploads\/2025\/03\/Nayttokuva-2025-03-06-223010-1024x207.png 1024w, https:\/\/www.susannakoistinen.fi\/wp-content\/uploads\/2025\/03\/Nayttokuva-2025-03-06-223010-768x155.png 768w, https:\/\/www.susannakoistinen.fi\/wp-content\/uploads\/2025\/03\/Nayttokuva-2025-03-06-223010-1536x311.png 1536w\" sizes=\"auto, (max-width: 1914px) 100vw, 1914px\" \/><\/figure>\n\n\n\n<h3 class=\"wp-block-heading has-text-align-center\" style=\"font-size:clamp(14.082px, 0.88rem + ((1vw - 3.2px) * 0.752), 21px);\">Ilta-Sanomat<\/h3>\n\n\n\n<p class=\"has-text-align-center\">&#8221;Olen koulutukseltani opettaja ja ajattelen, ett\u00e4 puhe inkluusiosta ja erityisopetuksesta on l\u00e4htenyt pahasti laukalle julkisuudessa. Erityinen tuki tulee antaa oppilaan tarpeen mukaan ja l\u00e4ht\u00f6kohtaisesti h\u00e4nen omassa ymp\u00e4rist\u00f6ss\u00e4\u00e4n, ei erist\u00e4en jonnekin pois n\u00e4kyvist\u00e4. Osalla oppilaista on tarve pienluokassa opiskelulle, osalla ei.&nbsp;&#8221;<\/p>\n\n\n\n<div class=\"wp-block-buttons is-content-justification-center is-layout-flex wp-container-core-buttons-is-layout-a89b3969 wp-block-buttons-is-layout-flex\">\n<div class=\"wp-block-button\"><a class=\"wp-block-button__link has-background wp-element-button\" href=\"https:\/\/www.vaalikone.fi\/kunta2025\/is\/ehdokkaat\/688b8309-d5fe-4526-92e0-87f0d9e4814c\" style=\"border-radius:0px;border-bottom-width:1px;background-color:#ffffff00;padding-top:0;padding-right:0;padding-bottom:0;padding-left:0\">Vaalikoneprofiiliin<\/a><\/div>\n<\/div>\n<\/div>\n<\/div>\n\n\n\n<div class=\"wp-block-column is-layout-flow wp-block-column-is-layout-flow\">\n<div class=\"wp-block-group has-border-color has-white-background-color has-background has-global-padding is-layout-constrained wp-container-core-group-is-layout-c385debf wp-block-group-is-layout-constrained\" style=\"border-color:#51515147;border-width:1px;border-radius:8px;padding-top:var(--wp--preset--spacing--20);padding-right:var(--wp--preset--spacing--20);padding-bottom:var(--wp--preset--spacing--20);padding-left:var(--wp--preset--spacing--20)\">\n<figure class=\"wp-block-image size-full is-resized\"><img loading=\"lazy\" decoding=\"async\" width=\"1200\" height=\"674\" src=\"https:\/\/www.susannakoistinen.fi\/wp-content\/uploads\/2025\/03\/yle.jpg\" alt=\"\" class=\"wp-image-153\" style=\"object-fit:contain;width:280px;height:auto\" srcset=\"https:\/\/www.susannakoistinen.fi\/wp-content\/uploads\/2025\/03\/yle.jpg 1200w, https:\/\/www.susannakoistinen.fi\/wp-content\/uploads\/2025\/03\/yle-300x169.jpg 300w, https:\/\/www.susannakoistinen.fi\/wp-content\/uploads\/2025\/03\/yle-1024x575.jpg 1024w, https:\/\/www.susannakoistinen.fi\/wp-content\/uploads\/2025\/03\/yle-768x431.jpg 768w\" sizes=\"auto, (max-width: 1200px) 100vw, 1200px\" \/><\/figure>\n\n\n\n<h3 class=\"wp-block-heading has-text-align-center\" style=\"font-size:clamp(14.082px, 0.88rem + ((1vw - 3.2px) * 0.752), 21px);\">Yle<\/h3>\n\n\n\n<p class=\"has-text-align-center\">&#8221;Ensisijaisesti Helsinki\u00e4 tulee rakentaa tiivist\u00e4en ja uusien, ei ottaen k\u00e4ytt\u00f6\u00f6n uusia luontoalueita. Samalla on my\u00f6nnett\u00e4v\u00e4, ett\u00e4 rakentaminen koskematta ollenkaan joko uusiin luontoalueisiin tai asuinalueilla paikallisesti t\u00e4rkeisiin pieniin luontoalueisiin on hyvin vaikeaa. Asumisen ja asuntojen hinta on iso ja vaikea kysymys, mutta niin on luonnon kunnioittaminen ja ilmastonmuutosta kest\u00e4v\u00e4n kaupungin rakentaminenkin.&nbsp;&#8221;<\/p>\n\n\n\n<div class=\"wp-block-buttons is-content-justification-center is-layout-flex wp-container-core-buttons-is-layout-a89b3969 wp-block-buttons-is-layout-flex\">\n<div class=\"wp-block-button\"><a class=\"wp-block-button__link has-background wp-element-button\" href=\"https:\/\/vaalit.yle.fi\/vaalikone\/kuntavaalit2025\/25\/ehdokkaat\/1151?language=fi\" style=\"border-radius:0px;border-bottom-width:1px;background-color:#ffffff00;padding-top:0;padding-right:0;padding-bottom:0;padding-left:0\">Vaalikoneprofiiliin<\/a><\/div>\n<\/div>\n<\/div>\n\n\n\n<div class=\"wp-block-group has-border-color has-white-background-color has-background has-global-padding is-layout-constrained wp-container-core-group-is-layout-c385debf wp-block-group-is-layout-constrained\" style=\"border-color:#51515147;border-width:1px;border-radius:8px;padding-top:var(--wp--preset--spacing--20);padding-right:var(--wp--preset--spacing--20);padding-bottom:var(--wp--preset--spacing--20);padding-left:var(--wp--preset--spacing--20)\">\n<figure class=\"wp-block-image size-full is-resized\"><img loading=\"lazy\" decoding=\"async\" width=\"5381\" height=\"615\" src=\"https:\/\/www.susannakoistinen.fi\/wp-content\/uploads\/2025\/03\/Helsingin_Sanomat-3476161300.png\" alt=\"\" class=\"wp-image-173\" style=\"object-fit:contain;width:280px;height:auto\" srcset=\"https:\/\/www.susannakoistinen.fi\/wp-content\/uploads\/2025\/03\/Helsingin_Sanomat-3476161300.png 5381w, https:\/\/www.susannakoistinen.fi\/wp-content\/uploads\/2025\/03\/Helsingin_Sanomat-3476161300-300x34.png 300w, https:\/\/www.susannakoistinen.fi\/wp-content\/uploads\/2025\/03\/Helsingin_Sanomat-3476161300-1024x117.png 1024w, https:\/\/www.susannakoistinen.fi\/wp-content\/uploads\/2025\/03\/Helsingin_Sanomat-3476161300-768x88.png 768w, https:\/\/www.susannakoistinen.fi\/wp-content\/uploads\/2025\/03\/Helsingin_Sanomat-3476161300-1536x176.png 1536w, https:\/\/www.susannakoistinen.fi\/wp-content\/uploads\/2025\/03\/Helsingin_Sanomat-3476161300-2048x234.png 2048w\" sizes=\"auto, (max-width: 5381px) 100vw, 5381px\" \/><\/figure>\n\n\n\n<h3 class=\"wp-block-heading has-text-align-center\" style=\"font-size:clamp(14.082px, 0.88rem + ((1vw - 3.2px) * 0.752), 21px);\">Helsingin Sanomat<\/h3>\n\n\n\n<p class=\"has-text-align-center\">&#8221;Metropolialueiden iso ongelma kaikkialla maailmassa on segregaatio, joka johtaa huono-osaisuuden kasaantumiseen. Tutkimuksesta tiedet\u00e4\u00e4n, ett\u00e4 esimerkiksi hyvinkin paikalliset huono-osaisuuden \u201ctaskut\u201d vaikuttavat alueella asuviin lapsiin heid\u00e4n tulevaisuuden n\u00e4kymi\u00e4\u00e4n heikent\u00e4en. Ymp\u00e4rill\u00e4 olevan esimerkin ja mahdollisuuksien voima on suuri. Helsingiss\u00e4 on viel\u00e4 t\u00e4ysin mahdollista jarruttaa tai est\u00e4\u00e4 negatiivista kierrett\u00e4, sill\u00e4 kaikilla Helsingin alueilla edelleen asuu monimuotoinen v\u00e4est\u00f6, joka arvostaa omaa asuinaluettaan.&#8221;<\/p>\n\n\n\n<div class=\"wp-block-buttons is-content-justification-center is-layout-flex wp-container-core-buttons-is-layout-a89b3969 wp-block-buttons-is-layout-flex\">\n<div class=\"wp-block-button\"><a class=\"wp-block-button__link has-background wp-element-button\" href=\"https:\/\/www.vaalikone.fi\/kunta2025\/hs\/ehdokkaat\/688b8309-d5fe-4526-92e0-87f0d9e4814c\" style=\"border-radius:0px;border-bottom-width:1px;background-color:#ffffff00;padding-top:0;padding-right:0;padding-bottom:0;padding-left:0\">Vaalikoneprofiiliin<\/a><\/div>\n<\/div>\n<\/div>\n\n\n\n<div class=\"wp-block-group has-global-padding is-layout-constrained wp-block-group-is-layout-constrained\"><\/div>\n<\/div>\n\n\n\n<div class=\"wp-block-column is-layout-flow wp-block-column-is-layout-flow\">\n<div class=\"wp-block-group has-border-color has-white-background-color has-background has-global-padding is-layout-constrained wp-container-core-group-is-layout-c385debf wp-block-group-is-layout-constrained\" style=\"border-color:#51515147;border-width:1px;border-radius:8px;padding-top:var(--wp--preset--spacing--20);padding-right:var(--wp--preset--spacing--20);padding-bottom:var(--wp--preset--spacing--20);padding-left:var(--wp--preset--spacing--20)\">\n<figure class=\"wp-block-image size-full\"><img loading=\"lazy\" decoding=\"async\" width=\"292\" height=\"240\" src=\"https:\/\/www.susannakoistinen.fi\/wp-content\/uploads\/2025\/03\/Nayttokuva-2025-03-06-222123.png\" alt=\"\" class=\"wp-image-155\" style=\"object-fit:contain\"\/><\/figure>\n\n\n\n<h3 class=\"wp-block-heading has-text-align-center\" style=\"font-size:clamp(14.082px, 0.88rem + ((1vw - 3.2px) * 0.752), 21px);\">MTV<\/h3>\n\n\n\n<p class=\"has-text-align-center\">&#8221;Kuntien ei voi antaa lipua kohtuuttoman kauas toisistaan kiinteist\u00f6veron osalta, jotta ei synny v\u00e4\u00e4r\u00e4nlaisia kannustimia. Kiinteist\u00f6vero on v\u00e4hemm\u00e4n haitallinen vero kuin tuloihin sidotut verot, mutta paine nostaa sit\u00e4 on taantuvilla paikkakunnilla, ei siell\u00e4 miss\u00e4 sit\u00e4 olisi helpoin ker\u00e4t\u00e4.&#8221;<\/p>\n\n\n\n<div class=\"wp-block-buttons is-content-justification-center is-layout-flex wp-container-core-buttons-is-layout-a89b3969 wp-block-buttons-is-layout-flex\">\n<div class=\"wp-block-button\"><a class=\"wp-block-button__link has-background wp-element-button\" href=\"https:\/\/www.mtvuutiset.fi\/vaalikone\/101\/vaalipiiri\/297\/ehdokkaat\/3879\" style=\"border-radius:0px;border-bottom-width:1px;background-color:#ffffff00;padding-top:0;padding-right:0;padding-bottom:0;padding-left:0\">Vaalikoneprofiiliin<\/a><\/div>\n<\/div>\n<\/div>\n\n\n\n<div class=\"wp-block-group has-border-color has-white-background-color has-background has-global-padding is-layout-constrained wp-container-core-group-is-layout-c385debf wp-block-group-is-layout-constrained\" style=\"border-color:#51515147;border-width:1px;border-radius:8px;padding-top:var(--wp--preset--spacing--20);padding-right:var(--wp--preset--spacing--20);padding-bottom:var(--wp--preset--spacing--20);padding-left:var(--wp--preset--spacing--20)\">\n<figure class=\"wp-block-image size-full\"><img loading=\"lazy\" decoding=\"async\" width=\"370\" height=\"370\" src=\"https:\/\/www.susannakoistinen.fi\/wp-content\/uploads\/2025\/03\/iltalehti_logo_370x37084e066b851ca6195b8b0ff00009ee3c0.png\" alt=\"\" class=\"wp-image-166\" style=\"object-fit:contain\" srcset=\"https:\/\/www.susannakoistinen.fi\/wp-content\/uploads\/2025\/03\/iltalehti_logo_370x37084e066b851ca6195b8b0ff00009ee3c0.png 370w, https:\/\/www.susannakoistinen.fi\/wp-content\/uploads\/2025\/03\/iltalehti_logo_370x37084e066b851ca6195b8b0ff00009ee3c0-300x300.png 300w, https:\/\/www.susannakoistinen.fi\/wp-content\/uploads\/2025\/03\/iltalehti_logo_370x37084e066b851ca6195b8b0ff00009ee3c0-150x150.png 150w\" sizes=\"auto, (max-width: 370px) 100vw, 370px\" \/><\/figure>\n\n\n\n<h3 class=\"wp-block-heading has-text-align-center\" style=\"font-size:clamp(14.082px, 0.88rem + ((1vw - 3.2px) * 0.752), 21px);\">Iltalehti<\/h3>\n\n\n\n<p class=\"has-text-align-center\">&#8221;Niin hankalaa kuin se onkin, yhteiskuntamme on vaan muututtava siihen suuntaan, ett\u00e4 saastuttaja my\u00f6s maksaa. Liian halpa energia mahdollistaa j\u00e4rjett\u00f6myyksi\u00e4, kuten tavaroiden temuttamista nyss\u00e4k\u00f6iss\u00e4 toiselta puolelta maailmaa. Bensan hinta on kipe\u00e4 kysymys niille, jotka ovat autoilun varassa arjessaan.&#8221;<\/p>\n\n\n\n<div class=\"wp-block-buttons is-content-justification-center is-layout-flex wp-container-core-buttons-is-layout-a89b3969 wp-block-buttons-is-layout-flex\">\n<div class=\"wp-block-button\"><a class=\"wp-block-button__link has-background wp-element-button\" href=\"https:\/\/www.iltalehti.fi\/kunta-ja-aluevaalit-2025\/vaalikone#\/ehdokas\/578\/68735\" style=\"border-radius:0px;border-bottom-width:1px;background-color:#ffffff00;padding-top:0;padding-right:0;padding-bottom:0;padding-left:0\">Vaalikoneprofiiliin<\/a><\/div>\n<\/div>\n<\/div>\n<\/div>\n<\/div>\n\n\n\n<div class=\"wp-block-columns is-layout-flex wp-container-core-columns-is-layout-d9dd512a wp-block-columns-is-layout-flex\" style=\"margin-top:var(--wp--preset--spacing--20)\">\n<div class=\"wp-block-column is-layout-flow wp-block-column-is-layout-flow\">\n<div class=\"wp-block-group has-global-padding is-layout-constrained wp-block-group-is-layout-constrained\">\n<p><\/p>\n<\/div>\n<\/div>\n\n\n\n<div class=\"wp-block-column is-layout-flow wp-block-column-is-layout-flow\"><\/div>\n\n\n\n<div class=\"wp-block-column is-layout-flow wp-block-column-is-layout-flow\"><\/div>\n<\/div>\n<\/div>\n\n\n\n<p><\/p>\n","protected":false},"excerpt":{"rendered":"<p>Vaalikoneet Helsingin Uutiset &#8221;Olen tyytyv\u00e4inen siihen rooliin, mik\u00e4 hyvinvointiyhteiskunnalla Suomessa on, eli se toimii turvaverkkona ja my\u00f6s tulonsiirtona ihmisten oman el\u00e4m\u00e4n eri vaiheissa. Jossain el\u00e4m\u00e4nvaiheessa jokainen on saamapuolella ja toivottavasti p\u00e4\u00e4see my\u00f6s sille tuojapuolelle.&#8221; Ilta-Sanomat &#8221;Olen koulutukseltani opettaja ja ajattelen, ett\u00e4 puhe inkluusiosta ja erityisopetuksesta on l\u00e4htenyt pahasti laukalle julkisuudessa. Erityinen tuki tulee antaa oppilaan [&hellip;]<\/p>\n","protected":false},"author":1,"featured_media":0,"parent":0,"menu_order":0,"comment_status":"closed","ping_status":"closed","template":"","meta":{"footnotes":""},"class_list":["post-150","page","type-page","status-publish","hentry"],"_links":{"self":[{"href":"https:\/\/www.susannakoistinen.fi\/index.php?rest_route=\/wp\/v2\/pages\/150","targetHints":{"allow":["GET"]}}],"collection":[{"href":"https:\/\/www.susannakoistinen.fi\/index.php?rest_route=\/wp\/v2\/pages"}],"about":[{"href":"https:\/\/www.susannakoistinen.fi\/index.php?rest_route=\/wp\/v2\/types\/page"}],"author":[{"embeddable":true,"href":"https:\/\/www.susannakoistinen.fi\/index.php?rest_route=\/wp\/v2\/users\/1"}],"replies":[{"embeddable":true,"href":"https:\/\/www.susannakoistinen.fi\/index.php?rest_route=%2Fwp%2Fv2%2Fcomments&post=150"}],"version-history":[{"count":6,"href":"https:\/\/www.susannakoistinen.fi\/index.php?rest_route=\/wp\/v2\/pages\/150\/revisions"}],"predecessor-version":[{"id":175,"href":"https:\/\/www.susannakoistinen.fi\/index.php?rest_route=\/wp\/v2\/pages\/150\/revisions\/175"}],"wp:attachment":[{"href":"https:\/\/www.susannakoistinen.fi\/index.php?rest_route=%2Fwp%2Fv2%2Fmedia&parent=150"}],"curies":[{"name":"wp","href":"https:\/\/api.w.org\/{rel}","templated":true}]}}